{"id":1395,"date":"2020-11-30T16:49:32","date_gmt":"2020-11-30T21:49:32","guid":{"rendered":"https:\/\/cnspilar.edu.pe\/revista\/?page_id=1395"},"modified":"2023-07-10T11:47:29","modified_gmt":"2023-07-10T16:47:29","slug":"descargables","status":"publish","type":"page","link":"https:\/\/cnspilar.edu.pe\/revista\/descargables\/","title":{"rendered":"Descargables"},"content":{"rendered":"\t\t<div data-elementor-type=\"wp-page\" data-elementor-id=\"1395\" class=\"elementor elementor-1395\">\n\t\t\t\t\t\t<section class=\"elementor-section elementor-top-section elementor-element elementor-element-c05edc2 elementor-section-boxed elementor-section-height-default elementor-section-height-default\" data-id=\"c05edc2\" data-element_type=\"section\">\n\t\t\t\t\t\t<div class=\"elementor-container elementor-column-gap-default\">\n\t\t\t\t\t<div class=\"elementor-column elementor-col-100 elementor-top-column elementor-element elementor-element-a2b7dca\" data-id=\"a2b7dca\" data-element_type=\"column\">\n\t\t\t<div class=\"elementor-widget-wrap elementor-element-populated\">\n\t\t\t\t\t\t<div class=\"elementor-element elementor-element-ff220b3 elementor-widget elementor-widget-heading\" data-id=\"ff220b3\" data-element_type=\"widget\" data-widget_type=\"heading.default\">\n\t\t\t\t<div class=\"elementor-widget-container\">\n\t\t\t\t\t<h2 class=\"elementor-heading-title elementor-size-default\">DESCARGABLES<\/h2>\t\t\t\t<\/div>\n\t\t\t\t<\/div>\n\t\t\t\t\t<\/div>\n\t\t<\/div>\n\t\t\t\t\t<\/div>\n\t\t<\/section>\n\t\t\t\t<section class=\"elementor-section elementor-top-section elementor-element elementor-element-19ddb79 elementor-section-boxed elementor-section-height-default elementor-section-height-default\" data-id=\"19ddb79\" data-element_type=\"section\">\n\t\t\t\t\t\t<div class=\"elementor-container elementor-column-gap-default\">\n\t\t\t\t\t<div class=\"elementor-column elementor-col-100 elementor-top-column elementor-element elementor-element-4c1f8db\" data-id=\"4c1f8db\" data-element_type=\"column\">\n\t\t\t<div class=\"elementor-widget-wrap elementor-element-populated\">\n\t\t\t\t\t\t<div class=\"elementor-element elementor-element-a90353d elementor-widget elementor-widget-mfn_feature_box\" data-id=\"a90353d\" data-element_type=\"widget\" data-widget_type=\"mfn_feature_box.default\">\n\t\t\t\t<div class=\"elementor-widget-container\">\n\t\t\t\t\t<div class=\"feature_box\"><div class=\"feature_box_wrapper\" ><div class=\"photo_wrapper\"><img fetchpriority=\"high\" decoding=\"async\" class=\"scale-with-grid\" src=\"https:\/\/cnspilar.edu.pe\/revista\/wp-content\/uploads\/2021\/10\/contratocelularlogojpg.jpg\" alt=\"contratocelularlogojpg\" width=\"700\" height=\"435\" \/><\/div><div class=\"desc_wrapper\"><h4 class=\"title \">Contrato de uso del primer celular<\/h4><div class=\"desc\"><p>Compartimos con ustedes un recurso muy \u00fatil para acompa\u00f1ar a sus hijos e hijas en el uso responsable de la tecnolog\u00eda.\u00a0<\/p><\/div><\/div><\/div><\/div>\n\t\t\t\t<\/div>\n\t\t\t\t<\/div>\n\t\t\t\t<div class=\"elementor-element elementor-element-2995320 elementor-button-info elementor-align-right elementor-widget elementor-widget-button\" data-id=\"2995320\" data-element_type=\"widget\" data-widget_type=\"button.default\">\n\t\t\t\t<div class=\"elementor-widget-container\">\n\t\t\t\t\t\t\t\t\t<div class=\"elementor-button-wrapper\">\n\t\t\t\t\t<a class=\"elementor-button elementor-button-link elementor-size-sm\" href=\"https:\/\/cnspilar.edu.pe\/revista\/wp-content\/uploads\/2020\/11\/contrato-del-celular.pdf\">\n\t\t\t\t\t\t<span class=\"elementor-button-content-wrapper\">\n\t\t\t\t\t\t\t\t\t<span class=\"elementor-button-text\">DESCARGAR<\/span>\n\t\t\t\t\t<\/span>\n\t\t\t\t\t<\/a>\n\t\t\t\t<\/div>\n\t\t\t\t\t\t\t\t<\/div>\n\t\t\t\t<\/div>\n\t\t\t\t\t<\/div>\n\t\t<\/div>\n\t\t\t\t\t<\/div>\n\t\t<\/section>\n\t\t\t\t<\/div>\n\t\t","protected":false},"excerpt":{"rendered":"<p>DESCARGABLES Contrato de uso del primer celular Compartimos con ustedes un recurso muy \u00fatil para acompa\u00f1ar a sus hijos e hijas en el uso responsable de<span class=\"excerpt-hellip\"> [\u2026]<\/span><\/p>","protected":false},"author":1,"featured_media":0,"parent":0,"menu_order":0,"comment_status":"closed","ping_status":"closed","template":"","meta":{"content-type":"","footnotes":""},"class_list":["post-1395","page","type-page","status-publish","hentry"],"_links":{"self":[{"href":"https:\/\/cnspilar.edu.pe\/revista\/wp-json\/wp\/v2\/pages\/1395","targetHints":{"allow":["GET"]}}],"collection":[{"href":"https:\/\/cnspilar.edu.pe\/revista\/wp-json\/wp\/v2\/pages"}],"about":[{"href":"https:\/\/cnspilar.edu.pe\/revista\/wp-json\/wp\/v2\/types\/page"}],"author":[{"embeddable":true,"href":"https:\/\/cnspilar.edu.pe\/revista\/wp-json\/wp\/v2\/users\/1"}],"replies":[{"embeddable":true,"href":"https:\/\/cnspilar.edu.pe\/revista\/wp-json\/wp\/v2\/comments?post=1395"}],"version-history":[{"count":19,"href":"https:\/\/cnspilar.edu.pe\/revista\/wp-json\/wp\/v2\/pages\/1395\/revisions"}],"predecessor-version":[{"id":3045,"href":"https:\/\/cnspilar.edu.pe\/revista\/wp-json\/wp\/v2\/pages\/1395\/revisions\/3045"}],"wp:attachment":[{"href":"https:\/\/cnspilar.edu.pe\/revista\/wp-json\/wp\/v2\/media?parent=1395"}],"curies":[{"name":"wp","href":"https:\/\/api.w.org\/{rel}","templated":true}]}}