{"id":1408,"date":"2020-11-30T22:32:28","date_gmt":"2020-12-01T03:32:28","guid":{"rendered":"https:\/\/cnspilar.edu.pe\/revista\/?page_id=1408"},"modified":"2024-04-25T15:32:36","modified_gmt":"2024-04-25T20:32:36","slug":"podcast","status":"publish","type":"page","link":"https:\/\/cnspilar.edu.pe\/revista\/podcast\/","title":{"rendered":"Podcast"},"content":{"rendered":"\t\t<div data-elementor-type=\"wp-page\" data-elementor-id=\"1408\" class=\"elementor elementor-1408\">\n\t\t\t\t\t\t<section class=\"elementor-section elementor-top-section elementor-element elementor-element-22a1be2 elementor-section-boxed elementor-section-height-default elementor-section-height-default\" data-id=\"22a1be2\" data-element_type=\"section\">\n\t\t\t\t\t\t<div class=\"elementor-container elementor-column-gap-default\">\n\t\t\t\t\t<div class=\"elementor-column elementor-col-100 elementor-top-column elementor-element elementor-element-a6226aa\" data-id=\"a6226aa\" data-element_type=\"column\">\n\t\t\t<div class=\"elementor-widget-wrap elementor-element-populated\">\n\t\t\t\t\t\t<div class=\"elementor-element elementor-element-a315b39 elementor-widget elementor-widget-heading\" data-id=\"a315b39\" data-element_type=\"widget\" data-widget_type=\"heading.default\">\n\t\t\t\t<div class=\"elementor-widget-container\">\n\t\t\t\t\t<h2 class=\"elementor-heading-title elementor-size-default\">Podcast<\/h2>\t\t\t\t<\/div>\n\t\t\t\t<\/div>\n\t\t\t\t<div class=\"elementor-element elementor-element-66c96ce elementor-widget-divider--view-line elementor-widget elementor-widget-divider\" data-id=\"66c96ce\" data-element_type=\"widget\" data-widget_type=\"divider.default\">\n\t\t\t\t<div class=\"elementor-widget-container\">\n\t\t\t\t\t\t\t<div class=\"elementor-divider\">\n\t\t\t<span class=\"elementor-divider-separator\">\n\t\t\t\t\t\t<\/span>\n\t\t<\/div>\n\t\t\t\t\t\t<\/div>\n\t\t\t\t<\/div>\n\t\t\t\t\t<\/div>\n\t\t<\/div>\n\t\t\t\t\t<\/div>\n\t\t<\/section>\n\t\t\t\t<section class=\"elementor-section elementor-top-section elementor-element elementor-element-91d80da elementor-section-boxed elementor-section-height-default elementor-section-height-default\" data-id=\"91d80da\" data-element_type=\"section\">\n\t\t\t\t\t\t<div class=\"elementor-container elementor-column-gap-default\">\n\t\t\t\t\t<div class=\"elementor-column elementor-col-100 elementor-top-column elementor-element elementor-element-aae250d\" data-id=\"aae250d\" data-element_type=\"column\">\n\t\t\t<div class=\"elementor-widget-wrap elementor-element-populated\">\n\t\t\t\t\t\t<div class=\"elementor-element elementor-element-b2717b8 elementor-widget elementor-widget-heading\" data-id=\"b2717b8\" data-element_type=\"widget\" data-widget_type=\"heading.default\">\n\t\t\t\t<div class=\"elementor-widget-container\">\n\t\t\t\t\t<h2 class=\"elementor-heading-title elementor-size-default\">Episodio 1<\/h2>\t\t\t\t<\/div>\n\t\t\t\t<\/div>\n\t\t\t\t<section class=\"elementor-section elementor-inner-section elementor-element elementor-element-6f4a1d1 elementor-section-boxed elementor-section-height-default elementor-section-height-default\" data-id=\"6f4a1d1\" data-element_type=\"section\">\n\t\t\t\t\t\t<div class=\"elementor-container elementor-column-gap-default\">\n\t\t\t\t\t<div class=\"elementor-column elementor-col-50 elementor-inner-column elementor-element elementor-element-0b063e5\" data-id=\"0b063e5\" data-element_type=\"column\">\n\t\t\t<div class=\"elementor-widget-wrap elementor-element-populated\">\n\t\t\t\t\t\t<div class=\"elementor-element elementor-element-539f49b elementor-widget elementor-widget-video\" data-id=\"539f49b\" data-element_type=\"widget\" data-settings=\"{&quot;youtube_url&quot;:&quot;https:\\\/\\\/youtu.be\\\/aTNPFEOwwbk&quot;,&quot;video_type&quot;:&quot;youtube&quot;,&quot;controls&quot;:&quot;yes&quot;}\" data-widget_type=\"video.default\">\n\t\t\t\t<div class=\"elementor-widget-container\">\n\t\t\t\t\t\t\t<div class=\"elementor-wrapper elementor-open-inline\">\n\t\t\t<div class=\"elementor-video\"><\/div>\t\t<\/div>\n\t\t\t\t\t\t<\/div>\n\t\t\t\t<\/div>\n\t\t\t\t\t<\/div>\n\t\t<\/div>\n\t\t\t\t<div class=\"elementor-column elementor-col-50 elementor-inner-column elementor-element elementor-element-fd27033\" data-id=\"fd27033\" data-element_type=\"column\">\n\t\t\t<div class=\"elementor-widget-wrap elementor-element-populated\">\n\t\t\t\t\t\t<div class=\"elementor-element elementor-element-3d3dad3 elementor-widget elementor-widget-text-editor\" data-id=\"3d3dad3\" data-element_type=\"widget\" data-widget_type=\"text-editor.default\">\n\t\t\t\t<div class=\"elementor-widget-container\">\n\t\t\t\t\t\t\t\t\t<div id=\"description\" class=\"style-scope ytd-video-secondary-info-renderer\"><em><strong>\u00bfVale la pena casarse?<\/strong><\/em><\/div><div>\u00a0<strong>Dr. Tom\u00e1s Melendo Granados<\/strong><\/div><div>Radio UPAEP<\/div><div class=\"style-scope ytd-video-secondary-info-renderer\">Una nueva visi\u00f3n de lo que es la virtud, una nueva visi\u00f3n de en qu\u00e9 consiste el matrimonio, una nueva visi\u00f3n de la castidad conyugal. Termina con unas sugerencias para hacer que el amor entre los c\u00f3nyuges crezca de d\u00eda en d\u00eda, de manera que los dos sean m\u00e1s felices<\/div>\t\t\t\t\t\t\t\t<\/div>\n\t\t\t\t<\/div>\n\t\t\t\t\t<\/div>\n\t\t<\/div>\n\t\t\t\t\t<\/div>\n\t\t<\/section>\n\t\t\t\t<div class=\"elementor-element elementor-element-a5bc814 elementor-widget elementor-widget-spacer\" data-id=\"a5bc814\" data-element_type=\"widget\" data-widget_type=\"spacer.default\">\n\t\t\t\t<div class=\"elementor-widget-container\">\n\t\t\t\t\t\t\t<div class=\"elementor-spacer\">\n\t\t\t<div class=\"elementor-spacer-inner\"><\/div>\n\t\t<\/div>\n\t\t\t\t\t\t<\/div>\n\t\t\t\t<\/div>\n\t\t\t\t<div class=\"elementor-element elementor-element-6708d43 elementor-widget elementor-widget-heading\" data-id=\"6708d43\" data-element_type=\"widget\" data-widget_type=\"heading.default\">\n\t\t\t\t<div class=\"elementor-widget-container\">\n\t\t\t\t\t<h2 class=\"elementor-heading-title elementor-size-default\">episodio 2<\/h2>\t\t\t\t<\/div>\n\t\t\t\t<\/div>\n\t\t\t\t<section class=\"elementor-section elementor-inner-section elementor-element elementor-element-19d58e8 elementor-section-boxed elementor-section-height-default elementor-section-height-default\" data-id=\"19d58e8\" data-element_type=\"section\">\n\t\t\t\t\t\t<div class=\"elementor-container elementor-column-gap-default\">\n\t\t\t\t\t<div class=\"elementor-column elementor-col-50 elementor-inner-column elementor-element elementor-element-6f8eab7\" data-id=\"6f8eab7\" data-element_type=\"column\">\n\t\t\t<div class=\"elementor-widget-wrap elementor-element-populated\">\n\t\t\t\t\t\t<div class=\"elementor-element elementor-element-f00e76a elementor-widget elementor-widget-video\" data-id=\"f00e76a\" data-element_type=\"widget\" data-settings=\"{&quot;youtube_url&quot;:&quot;https:\\\/\\\/youtu.be\\\/hPCPmpv48-Y&quot;,&quot;video_type&quot;:&quot;youtube&quot;,&quot;controls&quot;:&quot;yes&quot;}\" data-widget_type=\"video.default\">\n\t\t\t\t<div class=\"elementor-widget-container\">\n\t\t\t\t\t\t\t<div class=\"elementor-wrapper elementor-open-inline\">\n\t\t\t<div class=\"elementor-video\"><\/div>\t\t<\/div>\n\t\t\t\t\t\t<\/div>\n\t\t\t\t<\/div>\n\t\t\t\t\t<\/div>\n\t\t<\/div>\n\t\t\t\t<div class=\"elementor-column elementor-col-50 elementor-inner-column elementor-element elementor-element-02b756e\" data-id=\"02b756e\" data-element_type=\"column\">\n\t\t\t<div class=\"elementor-widget-wrap elementor-element-populated\">\n\t\t\t\t\t\t<div class=\"elementor-element elementor-element-5569a93 elementor-widget elementor-widget-text-editor\" data-id=\"5569a93\" data-element_type=\"widget\" data-widget_type=\"text-editor.default\">\n\t\t\t\t<div class=\"elementor-widget-container\">\n\t\t\t\t\t\t\t\t\t<div id=\"description\" class=\"style-scope ytd-video-secondary-info-renderer\"><em><strong>Aprender a amar en familia.<\/strong><\/em><strong> \u00a0<\/strong><\/div><div class=\"style-scope ytd-video-secondary-info-renderer\"><strong>Dr. Tom\u00e1s Melendo Granados.<\/strong><\/div><div>Radio UPAEP<\/div><div class=\"style-scope ytd-video-secondary-info-renderer\">La felicidad es consecuencia del amor, tambi\u00e9n y sobre todo en la familia. El mejor modo de amar a nuestro c\u00f3nyuge es ser cada uno muy amable: hacerle sencillo el que nos ame, buscando siempre su bien. Educar es ense\u00f1ar a amar: ayudar a cada uno de nuestros hijos a estar m\u00e1s pendiente de los dem\u00e1s que de s\u00ed mismo.<\/div>\t\t\t\t\t\t\t\t<\/div>\n\t\t\t\t<\/div>\n\t\t\t\t\t<\/div>\n\t\t<\/div>\n\t\t\t\t\t<\/div>\n\t\t<\/section>\n\t\t\t\t\t<\/div>\n\t\t<\/div>\n\t\t\t\t\t<\/div>\n\t\t<\/section>\n\t\t\t\t<\/div>\n\t\t","protected":false},"excerpt":{"rendered":"<p>Podcast Episodio 1 https:\/\/youtu.be\/aTNPFEOwwbk\u00bfVale la pena casarse?\u00a0Dr. Tom\u00e1s Melendo GranadosRadio UPAEPUna nueva visi\u00f3n de lo que es la virtud, una nueva visi\u00f3n de en qu\u00e9 consiste<span class=\"excerpt-hellip\"> [\u2026]<\/span><\/p>","protected":false},"author":1,"featured_media":0,"parent":0,"menu_order":0,"comment_status":"closed","ping_status":"closed","template":"","meta":{"content-type":"","footnotes":""},"class_list":["post-1408","page","type-page","status-publish","hentry"],"_links":{"self":[{"href":"https:\/\/cnspilar.edu.pe\/revista\/wp-json\/wp\/v2\/pages\/1408","targetHints":{"allow":["GET"]}}],"collection":[{"href":"https:\/\/cnspilar.edu.pe\/revista\/wp-json\/wp\/v2\/pages"}],"about":[{"href":"https:\/\/cnspilar.edu.pe\/revista\/wp-json\/wp\/v2\/types\/page"}],"author":[{"embeddable":true,"href":"https:\/\/cnspilar.edu.pe\/revista\/wp-json\/wp\/v2\/users\/1"}],"replies":[{"embeddable":true,"href":"https:\/\/cnspilar.edu.pe\/revista\/wp-json\/wp\/v2\/comments?post=1408"}],"version-history":[{"count":12,"href":"https:\/\/cnspilar.edu.pe\/revista\/wp-json\/wp\/v2\/pages\/1408\/revisions"}],"predecessor-version":[{"id":3403,"href":"https:\/\/cnspilar.edu.pe\/revista\/wp-json\/wp\/v2\/pages\/1408\/revisions\/3403"}],"wp:attachment":[{"href":"https:\/\/cnspilar.edu.pe\/revista\/wp-json\/wp\/v2\/media?parent=1408"}],"curies":[{"name":"wp","href":"https:\/\/api.w.org\/{rel}","templated":true}]}}