{"id":807,"date":"2014-09-16T09:42:48","date_gmt":"2014-09-16T09:42:48","guid":{"rendered":"http:\/\/themes.muffingroup.com\/be\/tourist\/?page_id=5"},"modified":"2021-10-21T23:45:28","modified_gmt":"2021-10-22T04:45:28","slug":"cursos","status":"publish","type":"page","link":"https:\/\/cnspilar.edu.pe\/revista\/cursos\/","title":{"rendered":"Cursos"},"content":{"rendered":"\t\t<div data-elementor-type=\"wp-page\" data-elementor-id=\"807\" class=\"elementor elementor-807\">\n\t\t\t\t\t\t<section class=\"elementor-section elementor-top-section elementor-element elementor-element-5b541a3 elementor-section-boxed elementor-section-height-default elementor-section-height-default\" data-id=\"5b541a3\" data-element_type=\"section\">\n\t\t\t\t\t\t<div class=\"elementor-container elementor-column-gap-default\">\n\t\t\t\t\t<div class=\"elementor-column elementor-col-66 elementor-top-column elementor-element elementor-element-e14fff3\" data-id=\"e14fff3\" data-element_type=\"column\">\n\t\t\t<div class=\"elementor-widget-wrap elementor-element-populated\">\n\t\t\t\t\t\t<div class=\"elementor-element elementor-element-53499af elementor-widget elementor-widget-heading\" data-id=\"53499af\" data-element_type=\"widget\" data-widget_type=\"heading.default\">\n\t\t\t\t<div class=\"elementor-widget-container\">\n\t\t\t\t\t<h3 class=\"elementor-heading-title elementor-size-default\">Interaxion Group<\/h3>\t\t\t\t<\/div>\n\t\t\t\t<\/div>\n\t\t\t\t<div class=\"elementor-element elementor-element-57dbc9f elementor-widget elementor-widget-mfn_feature_box\" data-id=\"57dbc9f\" data-element_type=\"widget\" data-widget_type=\"mfn_feature_box.default\">\n\t\t\t\t<div class=\"elementor-widget-container\">\n\t\t\t\t\t<div class=\"feature_box\"><div class=\"feature_box_wrapper\" ><div class=\"photo_wrapper\"><a href=\"https:\/\/cnspilar.edu.pe\/revista\/portfolio-item\/mundo-digital-y-adolescentes-retos-y-oportunidades\/\"  title=\"\"><img fetchpriority=\"high\" decoding=\"async\" class=\"scale-with-grid\" src=\"https:\/\/cnspilar.edu.pe\/revista\/wp-content\/uploads\/2021\/10\/juan_martinez_otero.jpg\" alt=\"juan_martinez_otero\" width=\"1279\" height=\"689\" \/><\/a><\/div><div class=\"desc_wrapper\"><h4 class=\"title \">Mundo digital y adolescentes: retos y oportunidades<\/h4><div class=\"desc\"><h5><span style=\"color: #2665d1;\">Curso de Interaxion Group<\/span><\/h5><p>Conoce m\u00e1s sobre el curso <a href=\"https:\/\/cnspilar.edu.pe\/revista\/portfolio-item\/mundo-digital-y-adolescentes-retos-y-oportunidades\/\">aqu\u00ed<\/a><\/p><\/div><\/div><\/div><\/div>\n\t\t\t\t<\/div>\n\t\t\t\t<\/div>\n\t\t\t\t<div class=\"elementor-element elementor-element-d74c970 elementor-widget elementor-widget-heading\" data-id=\"d74c970\" data-element_type=\"widget\" data-widget_type=\"heading.default\">\n\t\t\t\t<div class=\"elementor-widget-container\">\n\t\t\t\t\t<h4 class=\"elementor-heading-title elementor-size-default\">Beneficios<\/h4>\t\t\t\t<\/div>\n\t\t\t\t<\/div>\n\t\t\t\t<div class=\"elementor-element elementor-element-46c1997 elementor-widget elementor-widget-text-editor\" data-id=\"46c1997\" data-element_type=\"widget\" data-widget_type=\"text-editor.default\">\n\t\t\t\t<div class=\"elementor-widget-container\">\n\t\t\t\t\t\t\t\t\t<p>Una vez completado el curso el participante tendr\u00e1 las herramientas necesarias para dirigir sesiones de trabajo sobre el uso adecuado\u00a0de las TICs, dirigidas a profesores, educadores y\u00a0padres de familia, y tambi\u00e9n para orientar a los j\u00f3venes con el fin de que desarrollen un estilo de vida digital maduro y responsable.<\/p><p>El curso de Interaxion es compatible con otros programas relacionados con la formaci\u00f3n\u00a0del car\u00e1cter y la educaci\u00f3n de los afectos. Nuestro curso se propone aplicar los conocimientos adquiridos en los diferentes \u00e1mbitos de la vida al buen uso de las nuevas tecnolog\u00edas.<\/p>\t\t\t\t\t\t\t\t<\/div>\n\t\t\t\t<\/div>\n\t\t\t\t<div class=\"elementor-element elementor-element-ed72878 elementor-widget elementor-widget-text-editor\" data-id=\"ed72878\" data-element_type=\"widget\" data-widget_type=\"text-editor.default\">\n\t\t\t\t<div class=\"elementor-widget-container\">\n\t\t\t\t\t\t\t\t\t<p><strong>Dirigido a<\/strong>: profesores, educadores, padres de familia, p\u00fablico general interesado en la tem\u00e1tica del curso.<\/p><p><strong>Descripci\u00f3n del curso<\/strong>: 5\u00a0m\u00f3dulos\u00a0online con clases grabadas, lecturas obligatorias y material recomendado.<\/p><p><strong>Duraci\u00f3n aproximada del curso<\/strong>: 20\u00a0horas.<\/p><p><strong>Idioma<\/strong>: Espa\u00f1ol.<\/p><p><strong>Certificado: <\/strong>Al finalizar el curso, si ha alcanzado la\u00a0calificaci\u00f3n requerida en los tests,\u00a0podr\u00e1 obtener su certificado de reconocimiento\u00a0avalado por Interaxion y el\u00a0<strong><a href=\"https:\/\/www.villanueva.edu\/\" target=\"_blank\" rel=\"noopener noreferrer\">Centro Universitario Villanueva<\/a><\/strong>,\u00a0el cual est\u00e1 adscrito a la\u00a0<strong><a href=\"https:\/\/www.ucm.es\/\" target=\"_blank\" rel=\"noopener noreferrer\">Universidad Complutense de Madrid<\/a><\/strong>.<\/p>\t\t\t\t\t\t\t\t<\/div>\n\t\t\t\t<\/div>\n\t\t\t\t<div class=\"elementor-element elementor-element-2bedf9b elementor-button-info elementor-align-center elementor-widget elementor-widget-button\" data-id=\"2bedf9b\" data-element_type=\"widget\" data-widget_type=\"button.default\">\n\t\t\t\t<div class=\"elementor-widget-container\">\n\t\t\t\t\t\t\t\t\t<div class=\"elementor-button-wrapper\">\n\t\t\t\t\t<a class=\"elementor-button elementor-button-link elementor-size-sm\" href=\"https:\/\/cnspilar.edu.pe\/revista\/formulario-de-inscripcion-a-los-cursos\/\">\n\t\t\t\t\t\t<span class=\"elementor-button-content-wrapper\">\n\t\t\t\t\t\t\t\t\t<span class=\"elementor-button-text\">Inscripci\u00f3n al Curso<\/span>\n\t\t\t\t\t<\/span>\n\t\t\t\t\t<\/a>\n\t\t\t\t<\/div>\n\t\t\t\t\t\t\t\t<\/div>\n\t\t\t\t<\/div>\n\t\t\t\t<div class=\"elementor-element elementor-element-835afe6 elementor-widget elementor-widget-spacer\" data-id=\"835afe6\" data-element_type=\"widget\" data-widget_type=\"spacer.default\">\n\t\t\t\t<div class=\"elementor-widget-container\">\n\t\t\t\t\t\t\t<div class=\"elementor-spacer\">\n\t\t\t<div class=\"elementor-spacer-inner\"><\/div>\n\t\t<\/div>\n\t\t\t\t\t\t<\/div>\n\t\t\t\t<\/div>\n\t\t\t\t\t<\/div>\n\t\t<\/div>\n\t\t\t\t<div class=\"elementor-column elementor-col-33 elementor-top-column elementor-element elementor-element-f9eda28\" data-id=\"f9eda28\" data-element_type=\"column\">\n\t\t\t<div class=\"elementor-widget-wrap elementor-element-populated\">\n\t\t\t\t\t\t\t<\/div>\n\t\t<\/div>\n\t\t\t\t\t<\/div>\n\t\t<\/section>\n\t\t\t\t<\/div>\n\t\t","protected":false},"excerpt":{"rendered":"<p>Interaxion Group Mundo digital y adolescentes: retos y oportunidades Curso de Interaxion Group Conoce m\u00e1s sobre el curso aqu\u00ed Beneficios Una vez completado el curso el<span class=\"excerpt-hellip\"> [\u2026]<\/span><\/p>","protected":false},"author":1,"featured_media":0,"parent":0,"menu_order":0,"comment_status":"open","ping_status":"closed","template":"","meta":{"content-type":"","footnotes":""},"class_list":["post-807","page","type-page","status-publish","hentry"],"_links":{"self":[{"href":"https:\/\/cnspilar.edu.pe\/revista\/wp-json\/wp\/v2\/pages\/807","targetHints":{"allow":["GET"]}}],"collection":[{"href":"https:\/\/cnspilar.edu.pe\/revista\/wp-json\/wp\/v2\/pages"}],"about":[{"href":"https:\/\/cnspilar.edu.pe\/revista\/wp-json\/wp\/v2\/types\/page"}],"author":[{"embeddable":true,"href":"https:\/\/cnspilar.edu.pe\/revista\/wp-json\/wp\/v2\/users\/1"}],"replies":[{"embeddable":true,"href":"https:\/\/cnspilar.edu.pe\/revista\/wp-json\/wp\/v2\/comments?post=807"}],"version-history":[{"count":31,"href":"https:\/\/cnspilar.edu.pe\/revista\/wp-json\/wp\/v2\/pages\/807\/revisions"}],"predecessor-version":[{"id":1592,"href":"https:\/\/cnspilar.edu.pe\/revista\/wp-json\/wp\/v2\/pages\/807\/revisions\/1592"}],"wp:attachment":[{"href":"https:\/\/cnspilar.edu.pe\/revista\/wp-json\/wp\/v2\/media?parent=807"}],"curies":[{"name":"wp","href":"https:\/\/api.w.org\/{rel}","templated":true}]}}